{"id":27,"date":"2017-03-30T17:33:38","date_gmt":"2017-03-30T17:33:38","guid":{"rendered":"http:\/\/www.gruasbellver.es\/es\/?page_id=27"},"modified":"2019-05-28T19:08:14","modified_gmt":"2019-05-28T19:08:14","slug":"home","status":"publish","type":"page","link":"https:\/\/www.gruasbellver.es\/es\/","title":{"rendered":"Home"},"content":{"rendered":"[vc_row 0=\u00bb\u00bb][vc_column 0=\u00bb\u00bb][vc_empty_space height=\u00bb7px\u00bb][layerslider_vc id=\u00bb2&#8243;][vc_empty_space height=\u00bb7px\u00bb][\/vc_column][\/vc_row][vc_row blox_class=\u00bbred\u00bb][vc_column 0=\u00bb\u00bb]<article class=\"callout\"><a class=\"callurl\" href=\"https:\/\/www.gruasbellver.es\/es\/presupuestos\/\">Presupuestos<\/a><h3>Gr\u00faas Bellver S.L.U - Telf. +34 947291180 - info@gruasbellver.es<\/h3><p>Nos encontramos en Ctra. Antigua de Valladolid, Km4, 09001 Burgos.<br \/>\nDistribuidores oficiales de Comansa, Goian y Metalo. Servicio integral de montajes, alquiler y venta de gr\u00faas torre, andamio europeo, andamio el\u00e9ctrico, plataformas elevadoras, montacargas para obra, casetas de obra, valla de obra y materiales de construcci\u00f3n.<\/p><\/article>[\/vc_column][\/vc_row][vc_row 0=\u00bb\u00bb][vc_column 0=\u00bb\u00bb][vc_row_inner 0=\u00bb\u00bb][vc_column_inner width=\u00bb1\/3&#8243;]<article class=\"icon-box7\" ><a target='_self' href='https:\/\/www.gruasbellver.es\/es\/productos\/gruas-torre\/'><img src=\"https:\/\/www.gruasbellver.es\/es\/wp-content\/uploads\/2018\/11\/fotosproctutosgruastorre400x130-1.png\" \/><\/a><h4><br \/>\nGr\u00faas torre y Automontantes<\/h4><p>Gr\u00faas torre y automontantes principalmente de la marca COMANSA ...<\/p><a target=\"_self\"  class=\"magicmore\" href=\"https:\/\/www.gruasbellver.es\/es\/productos\/gruas-torre\/\">Leer m\u00e1s<\/a><\/article>[\/vc_column_inner][vc_column_inner width=\u00bb1\/3&#8243;]<article class=\"icon-box7\" ><a target='_self' href='https:\/\/www.gruasbellver.es\/es\/productos\/montacarga-de-obra\/'><img src=\"https:\/\/www.gruasbellver.es\/es\/wp-content\/uploads\/2018\/11\/fotosproductosmontacargas400x130-1.png\" \/><\/a><h4><br \/>\nMontacarga de Obra<\/h4><p>Dise\u00f1ados para el movimiento de cargas en altura...<\/p><a target=\"_self\"  class=\"magicmore\" href=\"https:\/\/www.gruasbellver.es\/es\/productos\/montacarga-de-obra\/\">Leer m\u00e1s<\/a><\/article>[\/vc_column_inner][vc_column_inner width=\u00bb1\/3&#8243;]<article class=\"icon-box7\" ><a target='_self' href='https:\/\/www.gruasbellver.es\/es\/productos\/andamio-electrico\/'><img src=\"https:\/\/www.gruasbellver.es\/es\/wp-content\/uploads\/2018\/11\/fotosproductosandaelectri400x130-1.png\" \/><\/a><h4><br \/>\nAndamio El\u00e9ctrico<\/h4><p>Tambi\u00e9n denominado plataforma elevadora, utilizados en...<\/p><a target=\"_self\"  class=\"magicmore\" href=\"https:\/\/www.gruasbellver.es\/es\/productos\/andamio-electrico\/\">Leer m\u00e1s<\/a><\/article>[\/vc_column_inner][\/vc_row_inner][\/vc_column][\/vc_row][vc_row 0=\u00bb\u00bb][vc_column width=\u00bb1\/3&#8243;]<article class=\"icon-box7\" ><a target='_self' href='https:\/\/www.gruasbellvers.es\/es\/productos\/andamio-europeo\/'><img src=\"https:\/\/www.gruasbellver.es\/es\/wp-content\/uploads\/2018\/11\/fotoproductosandamios400x130-1.png\" \/><\/a><h4><br \/>\nAndamio Tubular Europeo<\/h4><p>Andamios Europeo tubular multidireccional tipo ...<\/p><a target=\"_self\"  class=\"magicmore\" href=\"https:\/\/www.gruasbellvers.es\/es\/productos\/andamio-europeo\/\">Leer m\u00e1s<\/a><\/article>[\/vc_column][vc_column width=\u00bb1\/3&#8243;]<article class=\"icon-box7\" ><a target='_self' href='https:\/\/www.gruasbellver.es\/es\/productos\/panel-fenolico-de-encofrado\/'><img src=\"https:\/\/www.gruasbellver.es\/es\/wp-content\/uploads\/2018\/11\/fotoproductosfenolico400x130-1.png\" \/><\/a><h4><br \/>\nPanel Fen\u00f3lico de Encofrado<\/h4><p>Panel vers\u00e1til y resistente con gran variedad de medidas ...<\/p><a target=\"_self\"  class=\"magicmore\" href=\"https:\/\/www.gruasbellver.es\/es\/productos\/panel-fenolico-de-encofrado\/\">Leer m\u00e1s<\/a><\/article>[\/vc_column][vc_column width=\u00bb1\/3&#8243;]<article class=\"icon-box7\" ><a target='_self' href='https:\/\/www.gruasbellver.es\/es\/productos\/'><img src=\"https:\/\/www.gruasbellver.es\/es\/wp-content\/uploads\/2018\/11\/fotoproductoscasetas400x130-1.png\" \/><\/a><h4><br \/>\nNuestros Productos<\/h4><p>Si quieren ver todos los productos que Andamios Burgos les ofrece, hagan clic en ver m\u00e1s.<\/p><a target=\"_self\"  style=\"color:#dd3333\" class=\"magicmore\" href=\"https:\/\/www.gruasbellver.es\/es\/productos\/\">Ver m\u00e1s<\/a><\/article>[\/vc_column][\/vc_row][vc_row row_type=\u00bb1&#8243;][vc_column css=\u00bb.vc_custom_1454523762385{padding-right: 1px !important;padding-left: 1px !important;}\u00bb]<section class=\"latest-works col4-w \">   \t\r\n<hr class=\"vertical-space1\">\r\n<div class=\"icon-top-title aligncenter\">\r\n<i class=\"\"><\/i><hr class=\"vertical-space1\"><h1>Orgullosos de un trabajo bien hecho<\/h1><h4>Les mostramos trabajos recientes y alg\u00fan trabajo destacable.<\/h4><br>\r\n\r\n<\/div>\r\n<hr class=\"vertical-space2\">\r\n<div class=\"portfolio \">\r\n<figure class=\"portfolio-item  grua-torre  \">\r\n<div class=\"img-item\"><img src=\"https:\/\/www.gruasbellver.es\/es\/wp-content\/uploads\/2024\/09\/20240712_103419-presentacion.png\" alt=\"Gr\u00faa Plaza Alonso Martinez Burgos\" class=\"thumbnail portfolio_thumb \" \/><div class=\"zoomex2\"><h6>Gr\u00faa Plaza Alonso Martinez Burgos<br><small>10 Sep 2024<\/small><\/h6>\r\n<a href=\"https:\/\/www.gruasbellver.es\/es\/wp-content\/uploads\/2024\/09\/20240712_103419-presentacion.png\" class=\"prettyPhoto zoomlink1\" ><i class=\"fa-plus\"><\/i><\/a><a href=\"https:\/\/www.gruasbellver.es\/es\/portfolio-items\/grua-plaza-alonso-martinez-burgos\/\" class=\"zoomlink2\" ><i class=\"fa-arrow-right\"><\/i><\/a><\/div><\/div>\r\n<\/figure>\r\n<figure class=\"portfolio-item  grua-torre  \">\r\n<div class=\"img-item\"><img src=\"https:\/\/www.gruasbellver.es\/es\/wp-content\/uploads\/2019\/05\/gruas_villimar_burgos.jpg\" alt=\"Gr\u00faas zona Villimar Burgos\" class=\"thumbnail portfolio_thumb \" \/><div class=\"zoomex2\"><h6>Gr\u00faas zona Villimar Burgos<br><small>29 May 2019<\/small><\/h6>\r\n<a href=\"https:\/\/www.gruasbellver.es\/es\/wp-content\/uploads\/2019\/05\/gruas_villimar_burgos.jpg\" class=\"prettyPhoto zoomlink1\" ><i class=\"fa-plus\"><\/i><\/a><a href=\"https:\/\/www.gruasbellver.es\/es\/portfolio-items\/gruas-zona-villimar-burgos\/\" class=\"zoomlink2\" ><i class=\"fa-arrow-right\"><\/i><\/a><\/div><\/div>\r\n<\/figure>\r\n<figure class=\"portfolio-item  grua-torre  \">\r\n<div class=\"img-item\"><img src=\"https:\/\/www.gruasbellver.es\/es\/wp-content\/uploads\/2019\/05\/grua_colegio_burgos.jpg\" alt=\"Gr\u00faas colegio Fuentecillas Burgos\" class=\"thumbnail portfolio_thumb \" \/><div class=\"zoomex2\"><h6>Gr\u00faas colegio Fuentecillas Burgos<br><small>29 May 2019<\/small><\/h6>\r\n<a href=\"https:\/\/www.gruasbellver.es\/es\/wp-content\/uploads\/2019\/05\/grua_colegio_burgos.jpg\" class=\"prettyPhoto zoomlink1\" ><i class=\"fa-plus\"><\/i><\/a><a href=\"https:\/\/www.gruasbellver.es\/es\/portfolio-items\/gruas-colegio-fuentecillas-burgos\/\" class=\"zoomlink2\" ><i class=\"fa-arrow-right\"><\/i><\/a><\/div><\/div>\r\n<\/figure>\r\n<figure class=\"portfolio-item  grua-torre  \">\r\n<div class=\"img-item\"><img src=\"https:\/\/www.gruasbellver.es\/es\/wp-content\/uploads\/2019\/05\/grua_moneda_burgos.jpg\" alt=\"Gr\u00faa Torre zona moneda Burgos\" class=\"thumbnail portfolio_thumb \" \/><div class=\"zoomex2\"><h6>Gr\u00faa Torre zona moneda Burgos<br><small>29 May 2019<\/small><\/h6>\r\n<a href=\"https:\/\/www.gruasbellver.es\/es\/wp-content\/uploads\/2019\/05\/grua_moneda_burgos.jpg\" class=\"prettyPhoto zoomlink1\" ><i class=\"fa-plus\"><\/i><\/a><a href=\"https:\/\/www.gruasbellver.es\/es\/portfolio-items\/grua-torre-zona-moneda-burgos\/\" class=\"zoomlink2\" ><i class=\"fa-arrow-right\"><\/i><\/a><\/div><\/div>\r\n<\/figure>\r\n<figure class=\"portfolio-item  grua-torre  \">\r\n<div class=\"img-item\"><img src=\"https:\/\/www.gruasbellver.es\/es\/wp-content\/uploads\/2019\/05\/grua_guardia_civil_burgos.jpg\" alt=\"Gr\u00faa Edificio Guardia Civil Burgos\" class=\"thumbnail portfolio_thumb \" \/><div class=\"zoomex2\"><h6>Gr\u00faa Edificio Guardia Civil Burgos<br><small>29 May 2019<\/small><\/h6>\r\n<a href=\"https:\/\/www.gruasbellver.es\/es\/wp-content\/uploads\/2019\/05\/grua_guardia_civil_burgos.jpg\" class=\"prettyPhoto zoomlink1\" ><i class=\"fa-plus\"><\/i><\/a><a href=\"https:\/\/www.gruasbellver.es\/es\/portfolio-items\/grua-edificio-guardia-civil-burgos\/\" class=\"zoomlink2\" ><i class=\"fa-arrow-right\"><\/i><\/a><\/div><\/div>\r\n<\/figure>\r\n<figure class=\"portfolio-item  grua-torre  \">\r\n<div class=\"img-item\"><img src=\"https:\/\/www.gruasbellver.es\/es\/wp-content\/uploads\/2019\/05\/grua_hubu_burgos.jpg\" alt=\"Gr\u00faa Torre zona HUBU Burgos\" class=\"thumbnail portfolio_thumb \" \/><div class=\"zoomex2\"><h6>Gr\u00faa Torre zona HUBU Burgos<br><small>29 May 2019<\/small><\/h6>\r\n<a href=\"https:\/\/www.gruasbellver.es\/es\/wp-content\/uploads\/2019\/05\/grua_hubu_burgos.jpg\" class=\"prettyPhoto zoomlink1\" ><i class=\"fa-plus\"><\/i><\/a><a href=\"https:\/\/www.gruasbellver.es\/es\/portfolio-items\/grua-torre-zona-hubu-burgos\/\" class=\"zoomlink2\" ><i class=\"fa-arrow-right\"><\/i><\/a><\/div><\/div>\r\n<\/figure>\r\n<figure class=\"portfolio-item  grua-torre  \">\r\n<div class=\"img-item\"><img src=\"https:\/\/www.gruasbellver.es\/es\/wp-content\/uploads\/2019\/05\/grua_g3_burgos.jpg\" alt=\"Gr\u00faa Torre Zona G3 Burgos\" class=\"thumbnail portfolio_thumb \" \/><div class=\"zoomex2\"><h6>Gr\u00faa Torre Zona G3 Burgos<br><small>29 May 2019<\/small><\/h6>\r\n<a href=\"https:\/\/www.gruasbellver.es\/es\/wp-content\/uploads\/2019\/05\/grua_g3_burgos.jpg\" class=\"prettyPhoto zoomlink1\" ><i class=\"fa-plus\"><\/i><\/a><a href=\"https:\/\/www.gruasbellver.es\/es\/portfolio-items\/grua-torre-zona-g3-burgos\/\" class=\"zoomlink2\" ><i class=\"fa-arrow-right\"><\/i><\/a><\/div><\/div>\r\n<\/figure>\r\n<figure class=\"portfolio-item  andamio-europeo  \">\r\n<div class=\"img-item\"><img src=\"https:\/\/www.gruasbellver.es\/es\/wp-content\/uploads\/2018\/11\/trabajo7-1-650x433-1.jpg\" alt=\"Andamiaje en par\u00e1bola\" class=\"thumbnail portfolio_thumb \" \/><div class=\"zoomex2\"><h6>Andamiaje en par\u00e1bola<br><small>18 Dic 2018<\/small><\/h6>\r\n<a href=\"https:\/\/www.gruasbellver.es\/es\/wp-content\/uploads\/2018\/11\/trabajo7-1-650x433-1.jpg\" class=\"prettyPhoto zoomlink1\" ><i class=\"fa-plus\"><\/i><\/a><a href=\"https:\/\/www.gruasbellver.es\/es\/portfolio-items\/andamiaje-en-parabola\/\" class=\"zoomlink2\" ><i class=\"fa-arrow-right\"><\/i><\/a><\/div><\/div>\r\n<\/figure>\r\n      <!-- end-portfolio-item-->\r\n         \r\n\r\n      <!-- end-portfolio-item-->\r\n\t\t\t <\/div>\t\r\n<\/section>[vc_separator color=\u00bbjuicy_pink\u00bb][\/vc_column][\/vc_row][vc_row 0=\u00bb\u00bb][vc_column 0=\u00bb\u00bb]<div class=\"max-title2\"><h2>Trabajamos duro para superarnos d\u00eda a d\u00eda.<\/h2><\/div>[vc_row_inner 0=\u00bb\u00bb][vc_column_inner width=\u00bb1\/3&#8243;]<article class=\"icon-box13\"  style=\"color: #dd3333\"><h4>Personal<\/h4><p>Confiamos en nuestro personal, multitud de proyectos y a\u00f1os de experiencia los avalan.<\/p><a target=\"_self\"  class=\"magicmore\" href=\"https:\/\/www.gruasbellver.es\/es\/empresa\/\">Conocer m\u00e1s<\/a><\/article>[\/vc_column_inner][vc_column_inner width=\u00bb1\/3&#8243;]<article class=\"icon-box13\" ><h4>Calidad<\/h4><p>La calidad sin sorpresas en nuestros proyectos, documentaci\u00f3n, permisos y normativas.<\/p>\n<a target=\"_self\"  class=\"magicmore\" href=\"https:\/\/www.gruasbellver.es\/es\/empresa\/\">Conocer M\u00e1s<\/a><\/article>[\/vc_column_inner][vc_column_inner width=\u00bb1\/3&#8243;]<article class=\"icon-box13\" ><h4>Soporte<\/h4><p>Sabemos lo importante que es su proyecto, por eso atendemos a nuestros clientes en cualquier eventualidad.<\/p><a target=\"_self\"  class=\"magicmore\" href=\"https:\/\/www.gruasbellver.es\/es\/empresa\/\">conocer m\u00e1s<\/a><\/article>[\/vc_column_inner][\/vc_row_inner][\/vc_column][\/vc_row]\n","protected":false},"excerpt":{"rendered":"<p>[vc_row 0=\u00bb\u00bb][vc_column 0=\u00bb\u00bb][vc_empty_space height=\u00bb7px\u00bb][layerslider_vc id=\u00bb2&#8243;][vc_empty_space height=\u00bb7px\u00bb][\/vc_column][\/vc_row][vc_row blox_class=\u00bbred\u00bb][vc_column 0=\u00bb\u00bb][\/vc_column][\/vc_row][vc_row 0=\u00bb\u00bb][vc_column 0=\u00bb\u00bb][vc_row_inner 0=\u00bb\u00bb][vc_column_inner width=\u00bb1\/3&#8243;][\/vc_column_inner][vc_column_inner width=\u00bb1\/3&#8243;][\/vc_column_inner][vc_column_inner width=\u00bb1\/3&#8243;][\/vc_column_inner][\/vc_row_inner][\/vc_column][\/vc_row][vc_row 0=\u00bb\u00bb][vc_column width=\u00bb1\/3&#8243;][\/vc_column][vc_column width=\u00bb1\/3&#8243;][\/vc_column][vc_column width=\u00bb1\/3&#8243;][\/vc_column][\/vc_row][vc_row row_type=\u00bb1&#8243;][vc_column css=\u00bb.vc_custom_1454523762385{padding-right: 1px !important;padding-left: 1px !important;}\u00bb][vc_separator color=\u00bbjuicy_pink\u00bb][\/vc_column][\/vc_row][vc_row 0=\u00bb\u00bb][vc_column 0=\u00bb\u00bb][vc_row_inner 0=\u00bb\u00bb][vc_column_inner width=\u00bb1\/3&#8243;][\/vc_column_inner][vc_column_inner width=\u00bb1\/3&#8243;][\/vc_column_inner][vc_column_inner width=\u00bb1\/3&#8243;][\/vc_column_inner][\/vc_row_inner][\/vc_column][\/vc_row]<\/p>\n","protected":false},"author":1,"featured_media":0,"parent":0,"menu_order":0,"comment_status":"closed","ping_status":"closed","template":"","meta":[],"_links":{"self":[{"href":"https:\/\/www.gruasbellver.es\/es\/wp-json\/wp\/v2\/pages\/27"}],"collection":[{"href":"https:\/\/www.gruasbellver.es\/es\/wp-json\/wp\/v2\/pages"}],"about":[{"href":"https:\/\/www.gruasbellver.es\/es\/wp-json\/wp\/v2\/types\/page"}],"author":[{"embeddable":true,"href":"https:\/\/www.gruasbellver.es\/es\/wp-json\/wp\/v2\/users\/1"}],"replies":[{"embeddable":true,"href":"https:\/\/www.gruasbellver.es\/es\/wp-json\/wp\/v2\/comments?post=27"}],"version-history":[{"count":21,"href":"https:\/\/www.gruasbellver.es\/es\/wp-json\/wp\/v2\/pages\/27\/revisions"}],"predecessor-version":[{"id":344,"href":"https:\/\/www.gruasbellver.es\/es\/wp-json\/wp\/v2\/pages\/27\/revisions\/344"}],"wp:attachment":[{"href":"https:\/\/www.gruasbellver.es\/es\/wp-json\/wp\/v2\/media?parent=27"}],"curies":[{"name":"wp","href":"https:\/\/api.w.org\/{rel}","templated":true}]}}