{"id":31,"date":"2017-03-30T17:41:32","date_gmt":"2017-03-30T17:41:32","guid":{"rendered":"http:\/\/www.gruasbellver.es\/es\/?page_id=31"},"modified":"2019-05-29T11:14:16","modified_gmt":"2019-05-29T11:14:16","slug":"empresa","status":"publish","type":"page","link":"https:\/\/www.gruasbellver.es\/es\/empresa\/","title":{"rendered":"Empresa"},"content":{"rendered":"[vc_row row_type=\u00bb2&#8243; blox_height=\u00bb355&#8243; blox_image=\u00bb349&#8243; blox_bg_position=\u00bbcenter top\u00bb page_title=\u00bbpage-title-x\u00bb blox_padding_top=\u00bb7&#8243;][vc_column width=\u00bb2\/3&#8243;][vc_empty_space][vc_cta h2=\u00bbGr\u00faas Bellver S.L.U\u00bb h4=\u00bbEmpresa l\u00edder en el sector\u00bb style=\u00bboutline\u00bb el_width=\u00bbxl\u00bb add_button=\u00bbbottom\u00bb btn_title=\u00bbCont\u00e1ctanos\u00bb btn_shape=\u00bbsquare\u00bb btn_color=\u00bbdanger\u00bb css_animation=\u00bbbottom-to-top\u00bb btn_link=\u00bburl:https%3A%2F%2Fwww.gruasbellver.es%2Fes%2Fcontactar%2F|title:Cotacto%20Gr%C3%BAas%20Bellver||\u00bb]Gr\u00faas Bellver y Andamios Burgos, empresas de confianza, con amplia experiencia en el sector, acometiendo obras de gran dificultad con un resultado optimo.[\/vc_cta][\/vc_column][vc_column width=\u00bb1\/3&#8243;][vc_single_image image=\u00bb351&#8243; img_size=\u00bbfull\u00bb alignment=\u00bbcenter\u00bb css_animation=\u00bbbottom-to-top\u00bb][\/vc_column][\/vc_row][vc_row][vc_column width=\u00bb2\/3&#8243;]<h4 class=\"subtitle\">Un poco sobre nosotros<\/h4>[vc_column_text]Fundados en 1978 para ofrecer <strong>servicios<\/strong> a la <strong>construcci\u00f3n<\/strong> y a la <strong>industria<\/strong>, ofreciendo nuestra profesionalidad en la colocaci\u00f3n de elementos de elevaci\u00f3n como gr\u00faa torre o andamio europeo multidireccional y el\u00e9ctrico, montacarga.<\/p>\n<p>Ademas del <strong>montaje<\/strong> integral de elementos de <strong>elevaci\u00f3n<\/strong>, tambi\u00e9n alquilamos y\u00a0vendemos, <strong>gr\u00faas torre,<\/strong> andamio, gr\u00faas,\u00a0casetas de <strong>obra<\/strong>, contenedores y otros materiales.<\/p>\n[\/vc_column_text][\/vc_column][vc_column width=\u00bb1\/3&#8243;]<h4 class=\"subtitle\">Como ponerse en contacto<\/h4>[vc_column_text]Para contactar con nosotros puede llamar al tel\u00e9fono +34 947 29 11 80 o bien enviar un correo electr\u00f3nico a info @ gruasbellver.es.<\/p>\n<p>Si desean ponerse en contacto por correo ordinario nuestra direcci\u00f3n es, Ctra. Antigua Valladolid Km 4 09001 Burgos.[\/vc_column_text][vc_btn title=\u00bbFormulario de contacto\u00bb shape=\u00bbsquare\u00bb css_animation=\u00bbright-to-left\u00bb link=\u00bburl:https%3A%2F%2Fwww.gruasbellver.es%2Fes%2Fcontactar%2F|title:Contactar%20con%20Gr%C3%BAas%20Bellver%20S.L.U||\u00bb][vc_btn title=\u00bbFormulario presupuestos\u00bb shape=\u00bbsquare\u00bb css_animation=\u00bbright-to-left\u00bb link=\u00bburl:http%3A%2F%2Fwww.gruasbellver.es%2Fes%2Fpresupuestos%2F|title:Solicitar%20presupuesto%20Gr\u00faas%20Bellver%20S.L.U|\u00bb][\/vc_column][\/vc_row]\n","protected":false},"excerpt":{"rendered":"<p>[vc_row row_type=\u00bb2&#8243; blox_height=\u00bb355&#8243; blox_image=\u00bb349&#8243; blox_bg_position=\u00bbcenter top\u00bb page_title=\u00bbpage-title-x\u00bb blox_padding_top=\u00bb7&#8243;][vc_column width=\u00bb2\/3&#8243;][vc_empty_space][vc_cta h2=\u00bbGr\u00faas Bellver S.L.U\u00bb h4=\u00bbEmpresa l\u00edder en el sector\u00bb style=\u00bboutline\u00bb el_width=\u00bbxl\u00bb add_button=\u00bbbottom\u00bb btn_title=\u00bbCont\u00e1ctanos\u00bb btn_shape=\u00bbsquare\u00bb btn_color=\u00bbdanger\u00bb css_animation=\u00bbbottom-to-top\u00bb btn_link=\u00bburl:https%3A%2F%2Fwww.gruasbellver.es%2Fes%2Fcontactar%2F|title:Cotacto%20Gr%C3%BAas%20Bellver||\u00bb]Gr\u00faas Bellver y Andamios Burgos, empresas de confianza, con amplia experiencia en el sector, acometiendo obras de gran dificultad con un resultado optimo.[\/vc_cta][\/vc_column][vc_column width=\u00bb1\/3&#8243;][vc_single_image image=\u00bb351&#8243; img_size=\u00bbfull\u00bb alignment=\u00bbcenter\u00bb css_animation=\u00bbbottom-to-top\u00bb][\/vc_column][\/vc_row][vc_row][vc_column width=\u00bb2\/3&#8243;][vc_column_text]Fundados en 1978 para ofrecer servicios a la construcci\u00f3n y a la industria,&#8230; <\/p>\n<p><a class=\"readmore\" href=\"https:\/\/www.gruasbellver.es\/es\/empresa\/\">Read More<\/a><\/p>\n","protected":false},"author":1,"featured_media":0,"parent":0,"menu_order":0,"comment_status":"closed","ping_status":"closed","template":"","meta":[],"_links":{"self":[{"href":"https:\/\/www.gruasbellver.es\/es\/wp-json\/wp\/v2\/pages\/31"}],"collection":[{"href":"https:\/\/www.gruasbellver.es\/es\/wp-json\/wp\/v2\/pages"}],"about":[{"href":"https:\/\/www.gruasbellver.es\/es\/wp-json\/wp\/v2\/types\/page"}],"author":[{"embeddable":true,"href":"https:\/\/www.gruasbellver.es\/es\/wp-json\/wp\/v2\/users\/1"}],"replies":[{"embeddable":true,"href":"https:\/\/www.gruasbellver.es\/es\/wp-json\/wp\/v2\/comments?post=31"}],"version-history":[{"count":16,"href":"https:\/\/www.gruasbellver.es\/es\/wp-json\/wp\/v2\/pages\/31\/revisions"}],"predecessor-version":[{"id":357,"href":"https:\/\/www.gruasbellver.es\/es\/wp-json\/wp\/v2\/pages\/31\/revisions\/357"}],"wp:attachment":[{"href":"https:\/\/www.gruasbellver.es\/es\/wp-json\/wp\/v2\/media?parent=31"}],"curies":[{"name":"wp","href":"https:\/\/api.w.org\/{rel}","templated":true}]}}