{"id":42,"date":"2018-11-27T20:11:38","date_gmt":"2018-11-27T20:11:38","guid":{"rendered":"http:\/\/www.gruasbellver.es\/es\/?page_id=42"},"modified":"2019-05-11T15:31:45","modified_gmt":"2019-05-11T15:31:45","slug":"productos","status":"publish","type":"page","link":"https:\/\/www.gruasbellver.es\/es\/productos\/","title":{"rendered":"Productos"},"content":{"rendered":"[vc_row][vc_column width=\u00bb1\/3&#8243;]<article class=\"icon-box7\" ><a target='_self' href='https:\/\/www.gruasbellver.es\/es\/productos\/gruas-torre\/'><img src=\"https:\/\/www.gruasbellver.es\/es\/wp-content\/uploads\/2018\/11\/fotosproctutosgruastorre400x130-1.png\" \/><\/a><h4><br \/>\nGr\u00faas Torre<\/h4><p>Gr\u00faa torre para elevaci\u00f3n de cargas y proyectos de edificaci\u00f3n, somos distribuidores de marcas como COMANSA y GOIAN.<br \/>\n<\/p><a target=\"_self\"  class=\"magicmore\" href=\"https:\/\/www.gruasbellver.es\/es\/productos\/gruas-torre\/\">M\u00e1s informaci\u00f3n<\/a><\/article>[\/vc_column][vc_column width=\u00bb1\/3&#8243;]<article class=\"icon-box7\" ><a target='_self' href='https:\/\/www.gruasbellver.es\/es\/productos\/andamio-electrico\/'><img src=\"https:\/\/www.gruasbellver.es\/es\/wp-content\/uploads\/2018\/11\/fotosproductosandaelectri400x130-1.png\" \/><\/a><h4><br \/>\nAndamio El\u00e9ctrico<\/h4><p>Plataformas elevadoras, monomastil o bimastil, utilizadas para trabajos en los que no sea preciso montar un andamio de fachada, limpio y comodo.<\/p><a target=\"_self\"  class=\"magicmore\" href=\"https:\/\/www.gruasbellver.es\/es\/productos\/andamio-electrico\/\">M\u00e1s Informaci\u00f3n<\/a><\/article>[\/vc_column][vc_column width=\u00bb1\/3&#8243;]<article class=\"icon-box7\" ><a target='_self' href='https:\/\/www.gruasbellver.es\/es\/productos\/montacarga-de-obra\/'><img src=\"https:\/\/www.gruasbellver.es\/es\/wp-content\/uploads\/2018\/11\/fotosproductosmontacargas400x130-1.png\" \/><\/a><h4><br \/>\nMontacarga de Obra<\/h4><p>La utilizaci\u00f3n de un montacargas es de vital importancia, comodidad y seguridad para la elevaci\u00f3n de cargas pesadas y ligeras, su instalaci\u00f3n ...<\/p><a target=\"_self\"  class=\"magicmore\" href=\"https:\/\/www.gruasbellver.es\/es\/productos\/montacarga-de-obra\/\">M\u00e1s Informaci\u00f3n<\/a><\/article>[\/vc_column][\/vc_row][vc_row][vc_column width=\u00bb1\/3&#8243;]<article class=\"icon-box7\" ><a target='_self' href='https:\/\/www.gruasbellver.es\/es\/productos\/andamio-europeo\/'><img src=\"https:\/\/www.gruasbellver.es\/es\/wp-content\/uploads\/2018\/11\/fotoproductosandamios400x130-1.png\" \/><\/a><h4><br \/>\nAndamio Europeo Tubular<\/h4><p>Andamios del tipo Europeo Tubular, actualmente es el \u00fanico andamio que esta homologado para los trabajos que requieran de andamiaje ...<\/p><a target=\"_self\"  class=\"magicmore\" href=\"https:\/\/www.gruasbellver.es\/es\/productos\/andamio-europeo\/\">M\u00e1s Informaci\u00f3n<\/a><\/article>[\/vc_column][vc_column width=\u00bb1\/3&#8243;]<article class=\"icon-box7\" ><a target='_self' href='https:\/\/www.gruasbellver.es\/es\/productos\/caseta-de-obra\/'><img src=\"https:\/\/www.gruasbellver.es\/es\/wp-content\/uploads\/2018\/11\/fotoproductoscasetas400x130-1.png\" \/><\/a><h4><br \/>\nCasetas de Obra<\/h4><p>Las casetas de obra imprescindibles para varios usos, que van desde vestuarios a oficinas de obra o peque\u00f1os almacenes de material de construcci\u00f3n ...<\/p><a target=\"_self\"  class=\"magicmore\" href=\"https:\/\/www.gruasbellver.es\/es\/productos\/caseta-de-obra\/\">M\u00e1s Informaci\u00f3n<\/a><\/article>[\/vc_column][vc_column width=\u00bb1\/3&#8243;]<article class=\"icon-box7\" ><a target='_self' href='https:\/\/www.gruasbellver.es\/es\/productos\/panel-fenolico-de-encofrado\/'><img src=\"https:\/\/www.gruasbellver.es\/es\/wp-content\/uploads\/2018\/11\/fotoproductosfenolico400x130-1.png\" \/><\/a><h4><br \/>\nPanel Fen\u00f3lico de Encofrado<\/h4><p>Este tipo de paneles son utilizados para los trabajos de encofrado, tanto en obra civil como en infraestructuras<\/p><a target=\"_self\"  class=\"magicmore\" href=\"https:\/\/www.gruasbellver.es\/es\/productos\/panel-fenolico-de-encofrado\/\">M\u00e1s informaci\u00f3n<\/a><\/article>[\/vc_column][\/vc_row][vc_row][vc_column width=\u00bb1\/3&#8243;]<article class=\"icon-box7\" ><a target='_self' href='https:\/\/www.gruasbellver.es\/es\/productos\/otros-materiales-de-obra\/'><img src=\"https:\/\/www.gruasbellver.es\/es\/wp-content\/uploads\/2018\/11\/fotoproductomateriales400x130-1.png\" \/><\/a><h4><br \/>\nMateriales de Obra<\/h4><p>Alquiler y venta de todo tipo de material de obra, vallas de seguridad y canalizado peatonal, valla perimetral, muro de chapa, carteles normativos e informativos ...<\/p><a target=\"_self\"  class=\"magicmore\" href=\"https:\/\/www.gruasbellver.es\/es\/productos\/otros-materiales-de-obra\/\">M\u00e1s informaci\u00f3n<\/a><\/article>[\/vc_column][vc_column width=\u00bb1\/3&#8243;][\/vc_column][vc_column width=\u00bb1\/3&#8243;][\/vc_column][\/vc_row][vc_row][vc_column width=\u00bb1\/3&#8243;][\/vc_column][vc_column width=\u00bb1\/3&#8243;][\/vc_column][vc_column width=\u00bb1\/3&#8243;][\/vc_column][\/vc_row]\n","protected":false},"excerpt":{"rendered":"<p>[vc_row][vc_column width=\u00bb1\/3&#8243;][\/vc_column][vc_column width=\u00bb1\/3&#8243;][\/vc_column][vc_column width=\u00bb1\/3&#8243;][\/vc_column][\/vc_row][vc_row][vc_column width=\u00bb1\/3&#8243;][\/vc_column][vc_column width=\u00bb1\/3&#8243;][\/vc_column][vc_column width=\u00bb1\/3&#8243;][\/vc_column][\/vc_row][vc_row][vc_column width=\u00bb1\/3&#8243;][\/vc_column][vc_column width=\u00bb1\/3&#8243;][\/vc_column][vc_column width=\u00bb1\/3&#8243;][\/vc_column][\/vc_row][vc_row][vc_column width=\u00bb1\/3&#8243;][\/vc_column][vc_column width=\u00bb1\/3&#8243;][\/vc_column][vc_column width=\u00bb1\/3&#8243;][\/vc_column][\/vc_row]<\/p>\n","protected":false},"author":1,"featured_media":0,"parent":0,"menu_order":0,"comment_status":"closed","ping_status":"closed","template":"","meta":[],"_links":{"self":[{"href":"https:\/\/www.gruasbellver.es\/es\/wp-json\/wp\/v2\/pages\/42"}],"collection":[{"href":"https:\/\/www.gruasbellver.es\/es\/wp-json\/wp\/v2\/pages"}],"about":[{"href":"https:\/\/www.gruasbellver.es\/es\/wp-json\/wp\/v2\/types\/page"}],"author":[{"embeddable":true,"href":"https:\/\/www.gruasbellver.es\/es\/wp-json\/wp\/v2\/users\/1"}],"replies":[{"embeddable":true,"href":"https:\/\/www.gruasbellver.es\/es\/wp-json\/wp\/v2\/comments?post=42"}],"version-history":[{"count":10,"href":"https:\/\/www.gruasbellver.es\/es\/wp-json\/wp\/v2\/pages\/42\/revisions"}],"predecessor-version":[{"id":332,"href":"https:\/\/www.gruasbellver.es\/es\/wp-json\/wp\/v2\/pages\/42\/revisions\/332"}],"wp:attachment":[{"href":"https:\/\/www.gruasbellver.es\/es\/wp-json\/wp\/v2\/media?parent=42"}],"curies":[{"name":"wp","href":"https:\/\/api.w.org\/{rel}","templated":true}]}}