{"id":46,"date":"2018-11-27T20:12:22","date_gmt":"2018-11-27T20:12:22","guid":{"rendered":"http:\/\/www.gruasbellver.es\/es\/?page_id=46"},"modified":"2018-11-27T21:34:35","modified_gmt":"2018-11-27T21:34:35","slug":"contacto","status":"publish","type":"page","link":"https:\/\/www.gruasbellver.es\/es\/contacto\/","title":{"rendered":"Contacto"},"content":{"rendered":"[vc_row][vc_column]<article class=\"callout\"><a class=\"callurl\" href=\"https:\/\/www.gruasbellver.es\/es\/contactar\/\">Contactar<\/a><h3>Formulario para contactar<\/h3><p>Utilice este formulario para contactar con la empresa, envie sugerencias, informaci\u00f3n, consultas de todo tipo, solicitud de fichas t\u00e9cnicas u otros.<\/p><\/article>[\/vc_column][\/vc_row][vc_row][vc_column]<article class=\"callout\"><a class=\"callurl\" href=\"https:\/\/www.gruasbellver.es\/es\/presupuestos\/\">Presupuestos<\/a><h3>Formulario para presupuestos<\/h3><p>Utilice este formulario para solicitar presupuestos de todo tipo sin compromiso, si a\u00f1ade consultas t\u00e9cnicas u otro tipo de informaci\u00f3n tambi\u00e9n ser\u00e1 atendida.<\/p><\/article>[\/vc_column][\/vc_row]\n","protected":false},"excerpt":{"rendered":"<p>[vc_row][vc_column][\/vc_column][\/vc_row][vc_row][vc_column][\/vc_column][\/vc_row]<\/p>\n","protected":false},"author":1,"featured_media":0,"parent":0,"menu_order":0,"comment_status":"closed","ping_status":"closed","template":"","meta":[],"_links":{"self":[{"href":"https:\/\/www.gruasbellver.es\/es\/wp-json\/wp\/v2\/pages\/46"}],"collection":[{"href":"https:\/\/www.gruasbellver.es\/es\/wp-json\/wp\/v2\/pages"}],"about":[{"href":"https:\/\/www.gruasbellver.es\/es\/wp-json\/wp\/v2\/types\/page"}],"author":[{"embeddable":true,"href":"https:\/\/www.gruasbellver.es\/es\/wp-json\/wp\/v2\/users\/1"}],"replies":[{"embeddable":true,"href":"https:\/\/www.gruasbellver.es\/es\/wp-json\/wp\/v2\/comments?post=46"}],"version-history":[{"count":2,"href":"https:\/\/www.gruasbellver.es\/es\/wp-json\/wp\/v2\/pages\/46\/revisions"}],"predecessor-version":[{"id":76,"href":"https:\/\/www.gruasbellver.es\/es\/wp-json\/wp\/v2\/pages\/46\/revisions\/76"}],"wp:attachment":[{"href":"https:\/\/www.gruasbellver.es\/es\/wp-json\/wp\/v2\/media?parent=46"}],"curies":[{"name":"wp","href":"https:\/\/api.w.org\/{rel}","templated":true}]}}