{"id":51,"date":"2018-11-27T20:17:00","date_gmt":"2018-11-27T20:17:00","guid":{"rendered":"http:\/\/www.gruasbellver.es\/es\/?page_id=51"},"modified":"2019-05-11T15:29:14","modified_gmt":"2019-05-11T15:29:14","slug":"andamio-europeo","status":"publish","type":"page","link":"https:\/\/www.gruasbellver.es\/es\/andamio-europeo\/","title":{"rendered":"Andamio Europeo"},"content":{"rendered":"[vc_row][vc_column width=\u00bb2\/3&#8243;][vc_separator align=\u00bbalign_left\u00bb border_width=\u00bb2&#8243; el_width=\u00bb20&#8243;][vc_column_text]Andamios<strong> Europeo tubular multidirecional<\/strong> tipo &#8211; ADAPT y Nor\u00b448 de la marca Metalusa.<\/p>\n<p>Tambi\u00e9n es conocido como <strong>andamio<\/strong> <strong>prefabricado de marco<\/strong>,\u00a0conforme\u00a0a las normas AENOR UNE 12810 y UNE 12811.<\/p>\n<p>Andamio normalmente visto en\u00a0trabajos para\u00a0<strong>fachadas<\/strong> de edificios, pero tambi\u00e9n se utiliza para otras funciones como mantenimiento en <strong>industria<\/strong>, <strong>restauraci\u00f3n<\/strong> de obras de arte y edificios emblem\u00e1ticos, infraestructuras, <strong>accesibilidad<\/strong> provisional y eventos entre otras funciones.[\/vc_column_text][vc_images_carousel images=\u00bb195,196,197,198&#8243; img_size=\u00bbfull\u00bb onclick=\u00bblink_no\u00bb autoplay=\u00bbyes\u00bb wrap=\u00bbyes\u00bb][\/vc_column][vc_column width=\u00bb1\/3&#8243;]<article class=\"callout\"><a class=\"callurl\" href=\"https:\/\/www.gruasbellver.es\/es\/presupuestos\/\">Solicitar<\/a><h3>Solicite un presupuesto <\/h3><p>Pida presupuesto sin compromiso sobre este producto u otros relacionados.<\/p><\/article>[vc_round_chart stroke_width=\u00bb2&#8243; values=\u00bb%5B%7B%22title%22%3A%22Fachadas%20Edificios%22%2C%22value%22%3A%2240%22%2C%22color%22%3A%22blue%22%7D%2C%7B%22title%22%3A%22Industria%20Mantenimiento%20y%20nueva%20Inversi%C3%B3n%22%2C%22value%22%3A%2225%22%2C%22color%22%3A%22pink%22%7D%2C%7B%22title%22%3A%22Restauraci%C3%B3n%22%2C%22value%22%3A%2215%22%2C%22color%22%3A%22sky%22%2C%22custom_color%22%3A%22%23b97ebb%22%7D%2C%7B%22title%22%3A%22Obras%20P%C3%BAblicas%20e%20Infraestructuras%22%2C%22value%22%3A%2210%22%2C%22color%22%3A%22chino%22%2C%22custom_color%22%3A%22%23fe6c61%22%7D%2C%7B%22title%22%3A%22Eventos%20y%20Escenarios%22%2C%22value%22%3A%225%22%2C%22color%22%3A%22vista-blue%22%2C%22custom_color%22%3A%22%23f79468%22%7D%2C%7B%22title%22%3A%22Otros%22%2C%22value%22%3A%225%22%2C%22color%22%3A%22turquoise%22%2C%22custom_color%22%3A%22%236dab3c%22%7D%5D\u00bb title=\u00bbUtilizado en:\u00bb][\/vc_column][\/vc_row][vc_row][vc_column width=\u00bb1\/3&#8243;][\/vc_column][\/vc_row]\n","protected":false},"excerpt":{"rendered":"<p>[vc_row][vc_column width=\u00bb2\/3&#8243;][vc_separator align=\u00bbalign_left\u00bb border_width=\u00bb2&#8243; el_width=\u00bb20&#8243;][vc_column_text]Andamios Europeo tubular multidirecional tipo &#8211; ADAPT y Nor\u00b448 de la marca Metalusa. Tambi\u00e9n es conocido como andamio prefabricado de marco,\u00a0conforme\u00a0a las normas AENOR UNE 12810 y UNE 12811. Andamio normalmente visto en\u00a0trabajos para\u00a0fachadas de edificios, pero tambi\u00e9n se utiliza para otras funciones como mantenimiento en industria, restauraci\u00f3n de obras de arte y edificios emblem\u00e1ticos, infraestructuras, accesibilidad provisional y eventos entre&#8230; <\/p>\n<p><a class=\"readmore\" href=\"https:\/\/www.gruasbellver.es\/es\/andamio-europeo\/\">Read More<\/a><\/p>\n","protected":false},"author":1,"featured_media":0,"parent":0,"menu_order":0,"comment_status":"closed","ping_status":"closed","template":"","meta":[],"_links":{"self":[{"href":"https:\/\/www.gruasbellver.es\/es\/wp-json\/wp\/v2\/pages\/51"}],"collection":[{"href":"https:\/\/www.gruasbellver.es\/es\/wp-json\/wp\/v2\/pages"}],"about":[{"href":"https:\/\/www.gruasbellver.es\/es\/wp-json\/wp\/v2\/types\/page"}],"author":[{"embeddable":true,"href":"https:\/\/www.gruasbellver.es\/es\/wp-json\/wp\/v2\/users\/1"}],"replies":[{"embeddable":true,"href":"https:\/\/www.gruasbellver.es\/es\/wp-json\/wp\/v2\/comments?post=51"}],"version-history":[{"count":5,"href":"https:\/\/www.gruasbellver.es\/es\/wp-json\/wp\/v2\/pages\/51\/revisions"}],"predecessor-version":[{"id":328,"href":"https:\/\/www.gruasbellver.es\/es\/wp-json\/wp\/v2\/pages\/51\/revisions\/328"}],"wp:attachment":[{"href":"https:\/\/www.gruasbellver.es\/es\/wp-json\/wp\/v2\/media?parent=51"}],"curies":[{"name":"wp","href":"https:\/\/api.w.org\/{rel}","templated":true}]}}