{"id":53,"date":"2018-11-27T20:17:32","date_gmt":"2018-11-27T20:17:32","guid":{"rendered":"http:\/\/www.gruasbellver.es\/es\/?page_id=53"},"modified":"2019-05-11T15:28:56","modified_gmt":"2019-05-11T15:28:56","slug":"andamio-electrico","status":"publish","type":"page","link":"https:\/\/www.gruasbellver.es\/es\/andamio-electrico\/","title":{"rendered":"Andamio El\u00e9ctrico"},"content":{"rendered":"[vc_row][vc_column width=\u00bb2\/3&#8243;][vc_separator align=\u00bbalign_left\u00bb border_width=\u00bb2&#8243; el_width=\u00bb20&#8243;][vc_column_text]Tambi\u00e9n denominado <strong>plataforma elevadora<\/strong>, utilizados en fachadas nuevas y grandes reformas, m\u00e1quina eficiente y segura de Marca Espa\u00f1ola GOIAN.<\/p>\n<p>Dos tipos, <strong>monomastil<\/strong>\u00a0(un m\u00e1stil), hasta 12 metros de trabajo horizontal\u00a0y <strong>bimastil<\/strong> (dos\u00a0m\u00e1stiles) hasta 32 metros de trabajo.<\/p>\n[\/vc_column_text][vc_images_carousel images=\u00bb64,63,62&#8243; img_size=\u00bbfull\u00bb onclick=\u00bblink_no\u00bb][\/vc_column][vc_column width=\u00bb1\/3&#8243;]<article class=\"callout\"><a class=\"callurl\" href=\"https:\/\/www.gruasbellver.es\/es\/presupuestos\/\">Solicitar<\/a><h3>Solicite un presupuesto <\/h3><p>Pida presupuesto sin compromiso sobre este producto u otros relacionados.<\/p><\/article>[vc_round_chart stroke_width=\u00bb2&#8243; values=\u00bb%5B%7B%22title%22%3A%22Fachada%20obra%20nueva%22%2C%22value%22%3A%2245%22%2C%22color%22%3A%22blue%22%7D%2C%7B%22title%22%3A%22Fachada%20reforma%22%2C%22value%22%3A%2245%22%2C%22color%22%3A%22pink%22%7D%2C%7B%22title%22%3A%22industria%22%2C%22value%22%3A%225%22%2C%22color%22%3A%22sky%22%2C%22custom_color%22%3A%22%23b97ebb%22%7D%2C%7B%22title%22%3A%22Otros%22%2C%22value%22%3A%225%22%2C%22color%22%3A%22purple%22%2C%22custom_color%22%3A%22%238d6dc4%22%7D%5D\u00bb title=\u00bbUtilizado en:\u00bb][\/vc_column][\/vc_row][vc_row][vc_column width=\u00bb1\/3&#8243;][\/vc_column][\/vc_row]\n","protected":false},"excerpt":{"rendered":"<p>[vc_row][vc_column width=\u00bb2\/3&#8243;][vc_separator align=\u00bbalign_left\u00bb border_width=\u00bb2&#8243; el_width=\u00bb20&#8243;][vc_column_text]Tambi\u00e9n denominado plataforma elevadora, utilizados en fachadas nuevas y grandes reformas, m\u00e1quina eficiente y segura de Marca Espa\u00f1ola GOIAN. Dos tipos, monomastil\u00a0(un m\u00e1stil), hasta 12 metros de trabajo horizontal\u00a0y bimastil (dos\u00a0m\u00e1stiles) hasta 32 metros de trabajo. [\/vc_column_text][vc_images_carousel images=\u00bb64,63,62&#8243; img_size=\u00bbfull\u00bb onclick=\u00bblink_no\u00bb][\/vc_column][vc_column width=\u00bb1\/3&#8243;][vc_round_chart stroke_width=\u00bb2&#8243; values=\u00bb%5B%7B%22title%22%3A%22Fachada%20obra%20nueva%22%2C%22value%22%3A%2245%22%2C%22color%22%3A%22blue%22%7D%2C%7B%22title%22%3A%22Fachada%20reforma%22%2C%22value%22%3A%2245%22%2C%22color%22%3A%22pink%22%7D%2C%7B%22title%22%3A%22industria%22%2C%22value%22%3A%225%22%2C%22color%22%3A%22sky%22%2C%22custom_color%22%3A%22%23b97ebb%22%7D%2C%7B%22title%22%3A%22Otros%22%2C%22value%22%3A%225%22%2C%22color%22%3A%22purple%22%2C%22custom_color%22%3A%22%238d6dc4%22%7D%5D\u00bb title=\u00bbUtilizado en:\u00bb][\/vc_column][\/vc_row][vc_row][vc_column width=\u00bb1\/3&#8243;][\/vc_column][\/vc_row]<\/p>\n","protected":false},"author":1,"featured_media":0,"parent":0,"menu_order":0,"comment_status":"closed","ping_status":"closed","template":"","meta":[],"_links":{"self":[{"href":"https:\/\/www.gruasbellver.es\/es\/wp-json\/wp\/v2\/pages\/53"}],"collection":[{"href":"https:\/\/www.gruasbellver.es\/es\/wp-json\/wp\/v2\/pages"}],"about":[{"href":"https:\/\/www.gruasbellver.es\/es\/wp-json\/wp\/v2\/types\/page"}],"author":[{"embeddable":true,"href":"https:\/\/www.gruasbellver.es\/es\/wp-json\/wp\/v2\/users\/1"}],"replies":[{"embeddable":true,"href":"https:\/\/www.gruasbellver.es\/es\/wp-json\/wp\/v2\/comments?post=53"}],"version-history":[{"count":4,"href":"https:\/\/www.gruasbellver.es\/es\/wp-json\/wp\/v2\/pages\/53\/revisions"}],"predecessor-version":[{"id":327,"href":"https:\/\/www.gruasbellver.es\/es\/wp-json\/wp\/v2\/pages\/53\/revisions\/327"}],"wp:attachment":[{"href":"https:\/\/www.gruasbellver.es\/es\/wp-json\/wp\/v2\/media?parent=53"}],"curies":[{"name":"wp","href":"https:\/\/api.w.org\/{rel}","templated":true}]}}